{"id":200,"date":"2026-03-05T15:54:09","date_gmt":"2026-03-05T15:54:09","guid":{"rendered":"https:\/\/zollgrenze.koeln\/?page_id=200"},"modified":"2026-03-06T08:18:07","modified_gmt":"2026-03-06T08:18:07","slug":"feiern-co","status":"publish","type":"page","link":"https:\/\/zollgrenze.koeln\/?page_id=200","title":{"rendered":"Feiern &amp; Co"},"content":{"rendered":"\n<p style=\"font-size:20px\">Egal ob Hochzeiten<\/p>\n\n\n\n<figure class=\"wp-block-image size-large is-resized is-style-rounded\"><img loading=\"lazy\" decoding=\"async\" width=\"577\" height=\"1024\" src=\"https:\/\/zollgrenze.koeln\/wp-content\/uploads\/2026\/03\/20251115_101514-6-577x1024.jpeg\" alt=\"\" class=\"wp-image-260\" style=\"aspect-ratio:0.5634733527096197;width:268px;height:auto\" srcset=\"https:\/\/zollgrenze.koeln\/wp-content\/uploads\/2026\/03\/20251115_101514-6-577x1024.jpeg 577w, https:\/\/zollgrenze.koeln\/wp-content\/uploads\/2026\/03\/20251115_101514-6-169x300.jpeg 169w, https:\/\/zollgrenze.koeln\/wp-content\/uploads\/2026\/03\/20251115_101514-6-768x1364.jpeg 768w, https:\/\/zollgrenze.koeln\/wp-content\/uploads\/2026\/03\/20251115_101514-6-865x1536.jpeg 865w, https:\/\/zollgrenze.koeln\/wp-content\/uploads\/2026\/03\/20251115_101514-6-1153x2048.jpeg 1153w, https:\/\/zollgrenze.koeln\/wp-content\/uploads\/2026\/03\/20251115_101514-6-scaled.jpeg 1441w\" sizes=\"auto, (max-width: 577px) 100vw, 577px\" \/><\/figure>\n\n\n\n<p style=\"font-size:20px\">Kommunionen und Firmungen<\/p>\n\n\n\n<figure class=\"wp-block-image size-large is-resized is-style-rounded\"><img loading=\"lazy\" decoding=\"async\" width=\"577\" height=\"1024\" src=\"https:\/\/zollgrenze.koeln\/wp-content\/uploads\/2026\/03\/Kommunion-577x1024.jpeg\" alt=\"\" class=\"wp-image-267\" style=\"aspect-ratio:0.563478737697957;width:259px;height:auto\" srcset=\"https:\/\/zollgrenze.koeln\/wp-content\/uploads\/2026\/03\/Kommunion-577x1024.jpeg 577w, https:\/\/zollgrenze.koeln\/wp-content\/uploads\/2026\/03\/Kommunion-169x300.jpeg 169w, https:\/\/zollgrenze.koeln\/wp-content\/uploads\/2026\/03\/Kommunion-768x1364.jpeg 768w, https:\/\/zollgrenze.koeln\/wp-content\/uploads\/2026\/03\/Kommunion-865x1536.jpeg 865w, https:\/\/zollgrenze.koeln\/wp-content\/uploads\/2026\/03\/Kommunion-1153x2048.jpeg 1153w, https:\/\/zollgrenze.koeln\/wp-content\/uploads\/2026\/03\/Kommunion-scaled.jpeg 1442w\" sizes=\"auto, (max-width: 577px) 100vw, 577px\" \/><\/figure>\n\n\n\n<p style=\"font-size:20px\">Weihnachtsfeiern<\/p>\n\n\n\n<figure class=\"wp-block-image size-large is-resized is-style-rounded\"><img loading=\"lazy\" decoding=\"async\" width=\"646\" height=\"1024\" src=\"https:\/\/zollgrenze.koeln\/wp-content\/uploads\/2026\/03\/Weihnachten-3-646x1024.jpeg\" alt=\"\" class=\"wp-image-271\" style=\"aspect-ratio:0.6308681009376813;width:257px;height:auto\" srcset=\"https:\/\/zollgrenze.koeln\/wp-content\/uploads\/2026\/03\/Weihnachten-3-646x1024.jpeg 646w, https:\/\/zollgrenze.koeln\/wp-content\/uploads\/2026\/03\/Weihnachten-3-189x300.jpeg 189w, https:\/\/zollgrenze.koeln\/wp-content\/uploads\/2026\/03\/Weihnachten-3-768x1217.jpeg 768w, https:\/\/zollgrenze.koeln\/wp-content\/uploads\/2026\/03\/Weihnachten-3-970x1536.jpeg 970w, https:\/\/zollgrenze.koeln\/wp-content\/uploads\/2026\/03\/Weihnachten-3-1293x2048.jpeg 1293w, https:\/\/zollgrenze.koeln\/wp-content\/uploads\/2026\/03\/Weihnachten-3.jpeg 1616w\" sizes=\"auto, (max-width: 646px) 100vw, 646px\" \/><\/figure>\n\n\n\n<p style=\"font-size:20px\">oder Geburtstage<\/p>\n\n\n\n<figure class=\"wp-block-image size-large is-resized is-style-rounded\"><img loading=\"lazy\" decoding=\"async\" width=\"808\" height=\"1024\" src=\"https:\/\/zollgrenze.koeln\/wp-content\/uploads\/2026\/03\/Geburtstag2-808x1024.jpeg\" alt=\"\" class=\"wp-image-272\" style=\"aspect-ratio:0.7887323943661971;width:243px;height:auto\" srcset=\"https:\/\/zollgrenze.koeln\/wp-content\/uploads\/2026\/03\/Geburtstag2-808x1024.jpeg 808w, https:\/\/zollgrenze.koeln\/wp-content\/uploads\/2026\/03\/Geburtstag2-237x300.jpeg 237w, https:\/\/zollgrenze.koeln\/wp-content\/uploads\/2026\/03\/Geburtstag2-768x974.jpeg 768w, https:\/\/zollgrenze.koeln\/wp-content\/uploads\/2026\/03\/Geburtstag2-1211x1536.jpeg 1211w, https:\/\/zollgrenze.koeln\/wp-content\/uploads\/2026\/03\/Geburtstag2-1615x2048.jpeg 1615w, https:\/\/zollgrenze.koeln\/wp-content\/uploads\/2026\/03\/Geburtstag2-scaled.jpeg 2019w\" sizes=\"auto, (max-width: 808px) 100vw, 808px\" \/><\/figure>\n\n\n\n<p style=\"font-size:20px\"><p data-start=\"83\" data-end=\"242\">Der Gasthof <strong data-start=\"95\" data-end=\"121\">\u201eZur alten Zollgrenze\u201c<\/strong> richtet sich ganz nach den individuellen W\u00fcnschen seiner G\u00e4ste und bietet den idealen Rahmen f\u00fcr verschiedenste Anl\u00e4sse.<\/p><br><p data-start=\"244\" data-end=\"433\">Im gem\u00fctlichen Innenbereich stehen Ihnen bis zu <strong data-start=\"292\" data-end=\"309\">90 Steh- &#038; Sitzpl\u00e4tze<\/strong> zur Verf\u00fcgung. In den warmen Monaten l\u00e4dt zudem unser <strong data-start=\"364\" data-end=\"402\">Biergarten mit rund 80 Sitzpl\u00e4tzen<\/strong> zum entspannten Verweilen ein.<\/p><br><p data-start=\"435\" data-end=\"650\">Gerne erstellen wir f\u00fcr Sie ein <strong data-start=\"467\" data-end=\"503\">individuell abgestimmtes Angebot<\/strong>. Ob <strong data-start=\"508\" data-end=\"531\">vielf\u00e4ltiges Buffet<\/strong> oder <strong data-start=\"537\" data-end=\"558\">mehrg\u00e4ngiges Men\u00fc<\/strong> \u2013 wir richten uns ganz nach Ihren Vorstellungen und beraten Sie pers\u00f6nlich bei der Planung.<\/p><br><p data-start=\"652\" data-end=\"757\">Sprechen Sie uns einfach an \u2013 wir freuen uns darauf, Ihre Veranstaltung gemeinsam mit Ihnen zu gestalten.<\/p><\/p>\n\n\n\n<p style=\"font-size:20px\">Ihr Detlev Kreber mit Team <\/p>\n","protected":false},"excerpt":{"rendered":"<p>Egal ob Hochzeiten Kommunionen und Firmungen Weihnachtsfeiern oder Geburtstage Der Gasthof \u201eZur alten Zollgrenze\u201c richtet sich ganz nach den individuellen W\u00fcnschen seiner G\u00e4ste und bietet den idealen Rahmen f\u00fcr verschiedenste Anl\u00e4sse. Im gem\u00fctlichen Innenbereich stehen Ihnen bis zu 90 Steh- [&hellip;]<\/p>\n","protected":false},"author":1,"featured_media":0,"parent":0,"menu_order":0,"comment_status":"closed","ping_status":"closed","template":"","meta":{"footnotes":""},"class_list":["post-200","page","type-page","status-publish","hentry"],"_links":{"self":[{"href":"https:\/\/zollgrenze.koeln\/index.php?rest_route=\/wp\/v2\/pages\/200","targetHints":{"allow":["GET"]}}],"collection":[{"href":"https:\/\/zollgrenze.koeln\/index.php?rest_route=\/wp\/v2\/pages"}],"about":[{"href":"https:\/\/zollgrenze.koeln\/index.php?rest_route=\/wp\/v2\/types\/page"}],"author":[{"embeddable":true,"href":"https:\/\/zollgrenze.koeln\/index.php?rest_route=\/wp\/v2\/users\/1"}],"replies":[{"embeddable":true,"href":"https:\/\/zollgrenze.koeln\/index.php?rest_route=%2Fwp%2Fv2%2Fcomments&post=200"}],"version-history":[{"count":14,"href":"https:\/\/zollgrenze.koeln\/index.php?rest_route=\/wp\/v2\/pages\/200\/revisions"}],"predecessor-version":[{"id":330,"href":"https:\/\/zollgrenze.koeln\/index.php?rest_route=\/wp\/v2\/pages\/200\/revisions\/330"}],"wp:attachment":[{"href":"https:\/\/zollgrenze.koeln\/index.php?rest_route=%2Fwp%2Fv2%2Fmedia&parent=200"}],"curies":[{"name":"wp","href":"https:\/\/api.w.org\/{rel}","templated":true}]}}